{"id":1052,"date":"2019-07-22T20:46:55","date_gmt":"2019-07-22T20:46:55","guid":{"rendered":"https:\/\/nova-physiotherapie.de\/?page_id=1052"},"modified":"2026-01-19T07:23:49","modified_gmt":"2026-01-19T07:23:49","slug":"aktuelles","status":"publish","type":"page","link":"https:\/\/nova-physiotherapie.de\/index.php\/aktuelles\/","title":{"rendered":"Termine &amp; Aktuelles"},"content":{"rendered":"\n<h2 class=\"wp-block-heading\" style=\"font-size:62px\">2025<\/h2>\n\n\n\n<p>Ab sofort biete ich aufgrund der hohen Nachfrage die M\u00f6glichkeit Online-Unterricht an ausgew\u00e4hlten Samstagen zu buchen! <\/p>\n\n\n\n<p>Du kannst ganz bequem \u00fcber Calendly deinen Termin ausw\u00e4hlen und selbstst\u00e4ndig buchen. <\/p>\n\n\n\n<p>Ich freue mich darauf, dich im Online-Unterricht zu sehen!<\/p>\n\n\n\n<div class=\"wp-block-buttons alignwide is-content-justification-center is-layout-flex wp-container-core-buttons-is-layout-a89b3969 wp-block-buttons-is-layout-flex\">\n<div class=\"wp-block-button has-custom-width wp-block-button__width-75\"><a class=\"wp-block-button__link has-large-font-size has-custom-font-size wp-element-button\" href=\"https:\/\/calendly.com\/equizentra-info\/45minuten\">Hier bequem online Unterricht buchen<\/a><\/div>\n<\/div>\n\n\n\n<p><strong>Liebe Reiter:innen und Pferdebesitzer:innen,<\/strong><\/p>\n\n\n\n<p>zuerst m\u00f6chte ich mich von Herzen bei euch bedanken \u2013 f\u00fcr euer Vertrauen, eure Treue und die vielen gemeinsamen Stunden mit euch und euren Pferden. Viele von euch begleiten mich schon seit Jahren, was mich sehr stolz und dankbar macht.<\/p>\n\n\n\n<p>In den letzten Jahren und Monaten ist mein Betrieb stetig gewachsen, ebenso wie meine fachliche Entwicklung. Gleichzeitig steigen meine laufenden Kosten \u2013 z.\u202fB. f\u00fcr Versicherungen, Ausr\u00fcstung, Fortbildungen und Fahrtkosten.<\/p>\n\n\n\n<p>Zudem werde ich durch die positive Entwicklung meines Unternehmens in absehbarer Zeit <strong>umsatzsteuerpflichtig<\/strong>, was bedeutet, dass ich k\u00fcnftig auf meine Leistungen zus\u00e4tzlich <strong>19<\/strong><strong>\u202f% Mehrwertsteuer ausweisen und abf<\/strong><strong>\u00fchren muss<\/strong>.<\/p>\n\n\n\n<p>Um meine Arbeit weiterhin mit der gewohnten Qualit\u00e4t und Zuverl\u00e4ssigkeit anbieten zu k\u00f6nnen, passe ich meine Preise zum <strong>01.06.2025<\/strong> behutsam an.<\/p>\n\n\n\n<p>F\u00fcr <strong>alle, mit denen ich regelm\u00e4\u00dfig zusammenarbeite<\/strong>, gelten dabei weiterhin <strong>besondere Konditionen<\/strong>:<\/p>\n\n\n\n<p>\ud83d\udc34 <strong>Reitunterricht mobil (45 Min):<\/strong> 50\u202f\u20ac (statt 60\u202f\u20ac f\u00fcr Neukunden)<br>\ud83d\udcf1 <strong>Reitunterricht online (45 Min):<\/strong> 45\u20ac (statt 50\u202f\u20ac f\u00fcr Neukunden)<br>\ud83e\uddd8\u200d\u2640\ufe0f <strong>Pferdephysiotherapie (90-120 Min):<\/strong> 145\u20ac (statt 160\u202f\u20ac f\u00fcr Neukunden)<br>\ud83d\udc0e <strong>Beritt station\u00e4r (60 Min):<\/strong> 50\u202f\u20ac<br>\ud83d\udc34 <strong>Beritt mobil (60 Min):<\/strong> 60\u20ac (statt 75 \u20ac f\u00fcr Neukunden)<br><br><strong>Ab dem 01.01.2026 gelten die neuen angepassten Preise f\u00fcr alle Bestandskunden.<\/strong><\/p>\n\n\n\n<div class=\"wp-block-buttons is-content-justification-center is-layout-flex wp-container-core-buttons-is-layout-a89b3969 wp-block-buttons-is-layout-flex\">\n<div class=\"wp-block-button\"><a class=\"wp-block-button__link wp-element-button\" href=\"https:\/\/nova-physiotherapie.de\/index.php\/preise\/\">Hier kommst du zur Preis\u00fcbersicht<\/a><\/div>\n<\/div>\n\n\n\n<p>&nbsp;Bereits gebuchte Karten, Pakete und Vertr\u00e4ge behalten selbstverst\u00e4ndlich ihre G\u00fcltigkeit bis Ablauf.<\/p>\n\n\n\n<p>Ich hoffe auf euer Verst\u00e4ndnis f\u00fcr diesen Schritt \u2013 und freue mich sehr, euch auch weiterhin mit vollem Herzblut, Know-how und Engagement begleiten zu d\u00fcrfen.<\/p>\n\n\n\n<p>Bei Fragen sprecht mich jederzeit gerne an!<\/p>\n\n\n\n<h2 class=\"wp-block-heading\" style=\"font-size:62px\"><strong>2024<\/strong><\/h2>\n\n\n\n<div class=\"wp-block-media-text is-stacked-on-mobile\" style=\"grid-template-columns:35% auto\"><figure class=\"wp-block-media-text__media\"><img decoding=\"async\" src=\"https:\/\/nova-physiotherapie.de\/wp-content\/uploads\/2024\/04\/Logo-ohne-Hintergrund-1-1024x724.png\" alt=\"\" class=\"wp-image-1703 size-full\"\/><\/figure><div class=\"wp-block-media-text__content\">\n<p class=\"has-text-align-center has-x-large-font-size\">Neues Logo <br>&amp;<br> frischer Wind<\/p>\n<\/div><\/div>\n\n\n\n<p class=\"has-text-align-center has-white-color has-text-color has-background has-link-color wp-elements-d9bd15d2eb04e52b388c61d41c8b5166\" style=\"background-color:#006e90\">Start der Trainerausbildung bei <a href=\"https:\/\/www.sonja-weber-reitkunst.de\/\"><strong>Sonja Weber Reitkunst<\/strong><\/a><\/p>\n\n\n\n<p><\/p>\n","protected":false},"excerpt":{"rendered":"<p>2025 Ab sofort biete ich aufgrund der hohen Nachfrage die M\u00f6glichkeit Online-Unterricht an ausgew\u00e4hlten Samstagen zu buchen! Du kannst ganz bequem \u00fcber Calendly deinen Termin ausw\u00e4hlen und selbstst\u00e4ndig buchen. Ich freue mich darauf, dich im Online-Unterricht zu sehen! Liebe Reiter:innen [&hellip;]<\/p>\n","protected":false},"author":2,"featured_media":0,"parent":0,"menu_order":0,"comment_status":"closed","ping_status":"closed","template":"","meta":{"_monsterinsights_skip_tracking":false,"_monsterinsights_sitenote_active":false,"_monsterinsights_sitenote_note":"","_monsterinsights_sitenote_category":0,"footnotes":""},"class_list":["post-1052","page","type-page","status-publish","hentry"],"_links":{"self":[{"href":"https:\/\/nova-physiotherapie.de\/index.php\/wp-json\/wp\/v2\/pages\/1052","targetHints":{"allow":["GET"]}}],"collection":[{"href":"https:\/\/nova-physiotherapie.de\/index.php\/wp-json\/wp\/v2\/pages"}],"about":[{"href":"https:\/\/nova-physiotherapie.de\/index.php\/wp-json\/wp\/v2\/types\/page"}],"author":[{"embeddable":true,"href":"https:\/\/nova-physiotherapie.de\/index.php\/wp-json\/wp\/v2\/users\/2"}],"replies":[{"embeddable":true,"href":"https:\/\/nova-physiotherapie.de\/index.php\/wp-json\/wp\/v2\/comments?post=1052"}],"version-history":[{"count":26,"href":"https:\/\/nova-physiotherapie.de\/index.php\/wp-json\/wp\/v2\/pages\/1052\/revisions"}],"predecessor-version":[{"id":2368,"href":"https:\/\/nova-physiotherapie.de\/index.php\/wp-json\/wp\/v2\/pages\/1052\/revisions\/2368"}],"wp:attachment":[{"href":"https:\/\/nova-physiotherapie.de\/index.php\/wp-json\/wp\/v2\/media?parent=1052"}],"curies":[{"name":"wp","href":"https:\/\/api.w.org\/{rel}","templated":true}]}}