{"id":1696,"date":"2024-04-19T19:35:03","date_gmt":"2024-04-19T19:35:03","guid":{"rendered":"https:\/\/nova-physiotherapie.de\/?page_id=1696"},"modified":"2025-04-28T20:11:44","modified_gmt":"2025-04-28T20:11:44","slug":"kurse-lehrgaenge","status":"publish","type":"page","link":"https:\/\/nova-physiotherapie.de\/index.php\/kurse-lehrgaenge\/","title":{"rendered":"Kurse &#038; Lehrg\u00e4nge"},"content":{"rendered":"\n<div class=\"wp-block-cover is-light\"><span aria-hidden=\"true\" class=\"wp-block-cover__background has-background-dim\" style=\"background-color:#92867a\"><\/span><img loading=\"lazy\" decoding=\"async\" width=\"1533\" height=\"933\" class=\"wp-block-cover__image-background wp-image-2283\" alt=\"\" src=\"https:\/\/nova-physiotherapie.de\/wp-content\/uploads\/2025\/02\/2024-10-20-21.25.26-e1739950946483.jpg\" data-object-fit=\"cover\" srcset=\"https:\/\/nova-physiotherapie.de\/wp-content\/uploads\/2025\/02\/2024-10-20-21.25.26-e1739950946483.jpg 1533w, https:\/\/nova-physiotherapie.de\/wp-content\/uploads\/2025\/02\/2024-10-20-21.25.26-e1739950946483-300x183.jpg 300w, https:\/\/nova-physiotherapie.de\/wp-content\/uploads\/2025\/02\/2024-10-20-21.25.26-e1739950946483-1024x623.jpg 1024w, https:\/\/nova-physiotherapie.de\/wp-content\/uploads\/2025\/02\/2024-10-20-21.25.26-e1739950946483-768x467.jpg 768w, https:\/\/nova-physiotherapie.de\/wp-content\/uploads\/2025\/02\/2024-10-20-21.25.26-e1739950946483-1000x609.jpg 1000w, https:\/\/nova-physiotherapie.de\/wp-content\/uploads\/2025\/02\/2024-10-20-21.25.26-e1739950946483-230x140.jpg 230w, https:\/\/nova-physiotherapie.de\/wp-content\/uploads\/2025\/02\/2024-10-20-21.25.26-e1739950946483-350x213.jpg 350w, https:\/\/nova-physiotherapie.de\/wp-content\/uploads\/2025\/02\/2024-10-20-21.25.26-e1739950946483-480x292.jpg 480w\" sizes=\"auto, (max-width: 1533px) 100vw, 1533px\" \/><div class=\"wp-block-cover__inner-container is-layout-flow wp-block-cover-is-layout-flow\">\n<p class=\"has-text-align-center has-white-color has-text-color has-link-color has-x-large-font-size wp-elements-55c3c09a63b79e19e1e142f9c19afec9\"><strong>Anatomie \u2013 Sehen, F\u00fchlen, Verstehen<\/strong><\/p>\n<\/div><\/div>\n\n\n\n<p class=\"has-text-align-center\"><strong>Du m\u00f6chtest die Anatomie von Pferden aus einer v\u00f6llig neuen Perspektive erleben? <\/strong><\/p>\n\n\n\n<p class=\"has-text-align-center has-white-color has-text-color has-background has-link-color wp-elements-ea1bc5c83688c70109ee550873a28249\" style=\"background-color:#006e90\"><strong>In meinem Tageskurs \u2013 <em>\u201eAnatomie \u2013 Sehen, F\u00fchlen, Verstehen\u201c<\/em> \u2013 vermittle ich Dir nicht nur theoretisches Wissen, sondern gebe Dir auch die M\u00f6glichkeit, die Strukturen und Bewegungen deines Pferdes direkt vor Ort zu beobachten und zu ertasten.<\/strong><br>(Auch als 2-t\u00e4giger Kurs Anatomie &amp; Massage)<\/p>\n\n\n\n<div class=\"wp-block-buttons is-content-justification-center is-layout-flex wp-container-core-buttons-is-layout-a89b3969 wp-block-buttons-is-layout-flex\">\n<div class=\"wp-block-button has-custom-width wp-block-button__width-75 has-custom-font-size has-medium-font-size\"><a class=\"wp-block-button__link wp-element-button\" href=\"https:\/\/nova-physiotherapie.de\/wp-content\/uploads\/2025\/04\/\ud83d\udcda-Kursuebersicht-2025.pdf\">Hier Kurs\u00fcbersicht als PDF <\/a><\/div>\n<\/div>\n\n\n\n<details class=\"wp-block-details has-large-font-size is-layout-flow wp-block-details-is-layout-flow\"><summary><strong>Was erwartet Dich?<\/strong><\/summary>\n<p>Der Kurs besteht aus einer Kombination aus Theorie und praktischen \u00dcbungen. Ich komme direkt zu Dir in den Stall, um Dir anhand von echten Pferdeknochen zu erkl\u00e4ren, wie ein Pferd von Innen aussieht. Zus\u00e4tzlich wirst Du die Anatomie am lebenden Pferd sehen, sodass Du mit eigenen H\u00e4nden die verschiedenen Strukturen der Muskulatur, Knochen und Gelenke f\u00fchlen und besser verstehen kannst.<\/p>\n\n\n\n<h3 class=\"wp-block-heading\"><strong>Der Kursaufbau:<\/strong><\/h3>\n\n\n\n<ul class=\"wp-block-list\">\n<li><strong>Theoretische Einf\u00fchrung<\/strong>: In einer Theorieeinheit vermittle ich Dir fundiertes Wissen \u00fcber den Aufbau des Pferdek\u00f6rpers \u2013 von den Knochen \u00fcber die Muskulatur bis zu den Gelenken.<\/li>\n\n\n\n<li><strong>Praktische \u00dcbungen<\/strong>: Im Anschluss gehen wir mit echten Pferdeknochen und einem lebenden Pferd in die Praxis. Du hast die M\u00f6glichkeit, die Anatomie selbst zu ertasten und zu beobachten, um so ein tiefgehendes Verst\u00e4ndnis zu entwickeln.<\/li>\n\n\n\n<li><strong>Individuelle Betreuung<\/strong>: Du bekommst ausreichend Zeit, die Strukturen am Pferd zu erkunden und Fragen zu stellen.<\/li>\n<\/ul>\n\n\n\n<h3 class=\"wp-block-heading\"><strong>F\u00fcr wen ist der Kurs geeignet?<\/strong><\/h3>\n\n\n\n<p>Dieser Kurs richtet sich an alle, die ein tieferes Verst\u00e4ndnis f\u00fcr die Anatomie des Pferdes entwickeln m\u00f6chten \u2013 sei es f\u00fcr Pferdebesitzer, Reiter oder Trainer. Vorkenntnisse sind nicht erforderlich, die Inhalte werden anschaulich und verst\u00e4ndlich erkl\u00e4rt.<\/p>\n\n\n\n<h3 class=\"wp-block-heading\"><strong>Warum dieser Kurs?<\/strong> <\/h3>\n\n\n\n<p>Die Pferdeanatomie ist ein faszinierendes Thema, das in vielen Bereichen des Pferdesports und der Pferdehaltung von gro\u00dfer Bedeutung ist. Durch das <em>\u201eSehen, F\u00fchlen, Verstehen\u201c<\/em> kannst Du das theoretische Wissen direkt in die Praxis umsetzen und somit die Bewegungen und Haltungsweisen des Pferdes besser nachvollziehen und verstehen.<\/p>\n\n\n\n<h3 class=\"wp-block-heading\"><strong>Kursdetails:<\/strong><\/h3>\n\n\n\n<ul class=\"wp-block-list\">\n<li>Dauer: 4\u20135 Stunden<\/li>\n\n\n\n<li>Ort: Direkt bei Dir im Stall<\/li>\n\n\n\n<li>Maximale Teilnehmerzahl: 8-10<\/li>\n\n\n\n<li>Terminvereinbarung: Bitte kontaktiere mich f\u00fcr einen individuellen Kurs-Termin<\/li>\n<\/ul>\n\n\n\n<p>Ich freue mich darauf, Dir ein tieferes Verst\u00e4ndnis f\u00fcr das wunderbare Zusammenspiel von K\u00f6rperbau und Bewegung der Pferde zu vermitteln!<\/p>\n\n\n\n<div class=\"wp-block-buttons is-content-justification-center is-layout-flex wp-container-core-buttons-is-layout-a89b3969 wp-block-buttons-is-layout-flex\">\n<div class=\"wp-block-button has-custom-width wp-block-button__width-75 has-custom-font-size has-medium-font-size\"><a class=\"wp-block-button__link wp-element-button\" href=\"https:\/\/nova-physiotherapie.de\/index.php\/kontakt\/\"><strong>Kontaktiere mich jetzt, um mehr zu erfahren oder einen Termin zu buchen<\/strong>.<\/a><\/div>\n<\/div>\n\n\n\n<figure class=\"wp-block-image size-large\"><img loading=\"lazy\" decoding=\"async\" width=\"1024\" height=\"478\" src=\"https:\/\/nova-physiotherapie.de\/wp-content\/uploads\/2025\/02\/2024-10-20-21.25.01-1-1024x478.jpg\" alt=\"\" class=\"wp-image-2284\" srcset=\"https:\/\/nova-physiotherapie.de\/wp-content\/uploads\/2025\/02\/2024-10-20-21.25.01-1-1024x478.jpg 1024w, https:\/\/nova-physiotherapie.de\/wp-content\/uploads\/2025\/02\/2024-10-20-21.25.01-1-300x140.jpg 300w, https:\/\/nova-physiotherapie.de\/wp-content\/uploads\/2025\/02\/2024-10-20-21.25.01-1-768x359.jpg 768w, https:\/\/nova-physiotherapie.de\/wp-content\/uploads\/2025\/02\/2024-10-20-21.25.01-1-1536x717.jpg 1536w, https:\/\/nova-physiotherapie.de\/wp-content\/uploads\/2025\/02\/2024-10-20-21.25.01-1-1000x467.jpg 1000w, https:\/\/nova-physiotherapie.de\/wp-content\/uploads\/2025\/02\/2024-10-20-21.25.01-1-230x107.jpg 230w, https:\/\/nova-physiotherapie.de\/wp-content\/uploads\/2025\/02\/2024-10-20-21.25.01-1-350x163.jpg 350w, https:\/\/nova-physiotherapie.de\/wp-content\/uploads\/2025\/02\/2024-10-20-21.25.01-1-480x224.jpg 480w, https:\/\/nova-physiotherapie.de\/wp-content\/uploads\/2025\/02\/2024-10-20-21.25.01-1.jpg 2000w\" sizes=\"auto, (max-width: 1024px) 100vw, 1024px\" \/><\/figure>\n<\/details>\n\n\n\n<hr class=\"wp-block-separator alignwide has-alpha-channel-opacity\"\/>\n\n\n\n<div class=\"wp-block-cover is-light\"><span aria-hidden=\"true\" class=\"wp-block-cover__background has-background-dim\" style=\"background-color:#8f8262\"><\/span><img loading=\"lazy\" decoding=\"async\" width=\"2229\" height=\"1486\" class=\"wp-block-cover__image-background wp-image-1987\" alt=\"\" src=\"https:\/\/nova-physiotherapie.de\/wp-content\/uploads\/2024\/10\/DSC_0397.jpg\" data-object-fit=\"cover\" srcset=\"https:\/\/nova-physiotherapie.de\/wp-content\/uploads\/2024\/10\/DSC_0397.jpg 2229w, https:\/\/nova-physiotherapie.de\/wp-content\/uploads\/2024\/10\/DSC_0397-300x200.jpg 300w, https:\/\/nova-physiotherapie.de\/wp-content\/uploads\/2024\/10\/DSC_0397-1024x683.jpg 1024w, https:\/\/nova-physiotherapie.de\/wp-content\/uploads\/2024\/10\/DSC_0397-768x512.jpg 768w, https:\/\/nova-physiotherapie.de\/wp-content\/uploads\/2024\/10\/DSC_0397-1536x1024.jpg 1536w, https:\/\/nova-physiotherapie.de\/wp-content\/uploads\/2024\/10\/DSC_0397-2048x1365.jpg 2048w, https:\/\/nova-physiotherapie.de\/wp-content\/uploads\/2024\/10\/DSC_0397-1000x667.jpg 1000w, https:\/\/nova-physiotherapie.de\/wp-content\/uploads\/2024\/10\/DSC_0397-230x153.jpg 230w, https:\/\/nova-physiotherapie.de\/wp-content\/uploads\/2024\/10\/DSC_0397-350x233.jpg 350w, https:\/\/nova-physiotherapie.de\/wp-content\/uploads\/2024\/10\/DSC_0397-480x320.jpg 480w\" sizes=\"auto, (max-width: 2229px) 100vw, 2229px\" \/><div class=\"wp-block-cover__inner-container has-global-padding is-layout-constrained wp-block-cover-is-layout-constrained\">\n<p class=\"has-text-align-center has-white-color has-text-color has-link-color has-large-font-size wp-elements-ba5ad28396b50217f182b4245b3699b7\"><strong>Gesunderhaltende Handarbeit <\/strong><br><strong>Wochenendkurse f\u00fcr Therapeuten, Reiter und Pferdebesitzer<\/strong><\/p>\n<\/div><\/div>\n\n\n\n<p>In meinen <strong>Wochenendkursen zum Thema gesunderhaltende Handarbeit<\/strong> biete ich dir eine M\u00f6glichkeit das Wohlbefinden deines Pferdes langfristig zu f\u00f6rdern. Handarbeit ist eine wertvolle Erg\u00e4nzung zum Reiten und eignet sich f\u00fcr Pferde jeden Alters und Ausbildungsstandes \u2013 ob junge, \u00e4ltere oder auch Reha-Pferde im Wiederaufbau. Sie unterst\u00fctzt nicht nur die k\u00f6rperliche Gesundheit deines Pferdes, sondern f\u00f6rdert auch dein Gef\u00fchl und Verst\u00e4ndnis f\u00fcr deinen Partner.<\/p>\n\n\n\n<div class=\"wp-block-buttons is-content-justification-center is-layout-flex wp-container-core-buttons-is-layout-a89b3969 wp-block-buttons-is-layout-flex\">\n<div class=\"wp-block-button has-custom-width wp-block-button__width-75 has-custom-font-size has-medium-font-size\"><a class=\"wp-block-button__link wp-element-button\" href=\"https:\/\/nova-physiotherapie.de\/wp-content\/uploads\/2025\/04\/\ud83d\udcda-Kursuebersicht-2025.pdf\">Hier Kurs\u00fcbersicht als PDF <\/a><\/div>\n<\/div>\n\n\n\n<h3 class=\"wp-block-heading\">Was ist gesunderhaltende Handarbeit?<\/h3>\n\n\n\n<p>Handarbeit hilft dir, dein <strong>Gef\u00fchl und Auge<\/strong> als Reiter zu schulen. Sie erleichtert das Erlernen neuer Lektionen und verbessert die Kommunikation mit deinem Pferd. Durch gezielte <strong>Biege- und Abkau\u00fcbungen<\/strong> wird dein Pferd geschmeidig gemacht, dehnt seine Muskulatur und l\u00f6st das Kiefergelenk. Diese \u00dcbungen f\u00f6rdern eine gesunde Haltung und wirken sich positiv auf die Beweglichkeit deines Pferdes aus. <strong>Seiteng\u00e4nge an der Hand<\/strong> steigern die Koordination und die Beweglichkeit deines Pferdes. Dar\u00fcber hinaus kannst du die individuelle <strong>Schiefe<\/strong> deines Pferdes gezielt verbessern.<\/p>\n\n\n\n<details class=\"wp-block-details has-large-font-size is-layout-flow wp-block-details-is-layout-flow\"><summary><strong>Was erwartet dich?<\/strong><\/summary>\n<h3 class=\"wp-block-heading\">Die Wochenendkurse<\/h3>\n\n\n\n<p>Meine Wochenendkurse richten sich an Reiter, Trainer und Therapeuten die intensiv an der Handarbeit mit ihrem Pferd oder den anvertrauten Pferden arbeiten m\u00f6chten. Diese Kurse sind ideal, wenn du aufgrund von Entfernungen nicht regelm\u00e4\u00dfig Unterricht nehmen kannst und eine kompakte M\u00f6glichkeit zur Weiterentwicklung suchst. Um eine individuelle Betreuung zu gew\u00e4hrleisten, ist die Teilnehmerzahl auf <strong>maximal 8 Personen<\/strong> begrenzt.<\/p>\n\n\n\n<h3 class=\"wp-block-heading\">Ablauf der Wochenendkurse<\/h3>\n\n\n\n<p><strong>Tag 1 &#8211; Samstag:<\/strong><br>Zu Beginn des Kurses gibt es eine etwa <strong>2-st\u00fcndige Theorieeinheit<\/strong>, in der ich dir die anatomischen Zusammenh\u00e4nge zwischen dem Kiefer des Pferdes und seinem K\u00f6rper erkl\u00e4re. Dies bildet die Grundlage, um den positiven Einfluss der Handarbeit auf die Gesundheit deines Pferdes besser zu verstehen.<\/p>\n\n\n\n<div class=\"wp-block-media-text has-media-on-the-right is-stacked-on-mobile\" style=\"grid-template-columns:auto 34%\"><div class=\"wp-block-media-text__content\">\n<div class=\"wp-block-group is-nowrap is-layout-flex wp-container-core-group-is-layout-6c531013 wp-block-group-is-layout-flex\">\n<p>Im Anschluss folgt eine <strong>gemeinsame Praxiseinheit<\/strong>, bei der du in Zweierteams mit deinem Pferd arbeitest. Jede Gruppe hat <strong>45 Minuten Praxiszeit<\/strong>. Nach jeder Einheit gibt es eine<strong> Besprechung<\/strong>, um die Erfahrungen zu reflektieren und Fragen zu kl\u00e4ren.<\/p>\n<\/div>\n<\/div><figure class=\"wp-block-media-text__media\"><img loading=\"lazy\" decoding=\"async\" width=\"641\" height=\"1024\" src=\"https:\/\/nova-physiotherapie.de\/wp-content\/uploads\/2025\/02\/2024-10-20-21.24.53-e1739953188360-641x1024.jpg\" alt=\"\" class=\"wp-image-2286 size-full\" srcset=\"https:\/\/nova-physiotherapie.de\/wp-content\/uploads\/2025\/02\/2024-10-20-21.24.53-e1739953188360-641x1024.jpg 641w, https:\/\/nova-physiotherapie.de\/wp-content\/uploads\/2025\/02\/2024-10-20-21.24.53-e1739953188360-188x300.jpg 188w, https:\/\/nova-physiotherapie.de\/wp-content\/uploads\/2025\/02\/2024-10-20-21.24.53-e1739953188360-768x1226.jpg 768w, https:\/\/nova-physiotherapie.de\/wp-content\/uploads\/2025\/02\/2024-10-20-21.24.53-e1739953188360-230x367.jpg 230w, https:\/\/nova-physiotherapie.de\/wp-content\/uploads\/2025\/02\/2024-10-20-21.24.53-e1739953188360-350x559.jpg 350w, https:\/\/nova-physiotherapie.de\/wp-content\/uploads\/2025\/02\/2024-10-20-21.24.53-e1739953188360-480x766.jpg 480w, https:\/\/nova-physiotherapie.de\/wp-content\/uploads\/2025\/02\/2024-10-20-21.24.53-e1739953188360.jpg 927w\" sizes=\"auto, (max-width: 641px) 100vw, 641px\" \/><\/figure><\/div>\n\n\n\n<p><strong>Tag 2 &#8211; Sonntag:<\/strong><br>Am zweiten Tag bekommt jedes Zweierteam <strong>zwei 30-min\u00fctige Einheiten<\/strong> mit seinem Pferd \u2013 eine am Vormittag und eine am Nachmittag. Diese Praxisstunden geben dir die M\u00f6glichkeit, das Gelernte zu vertiefen und direkt anzuwenden.<\/p>\n\n\n\n<h3 class=\"wp-block-heading\">Dein Nutzen:<\/h3>\n\n\n\n<ul class=\"wp-block-list\">\n<li>F\u00f6rderung der k\u00f6rperlichen und geistigen Gesundheit deines Pferdes<\/li>\n\n\n\n<li>Verbesserung der Beweglichkeit und Koordination deines Pferdes<\/li>\n\n\n\n<li>Gezielte Arbeit an der individuellen Schiefe<\/li>\n\n\n\n<li>Individuelle Betreuung in kleinen Gruppen<\/li>\n\n\n\n<li>Theorie und Praxis vereint f\u00fcr eine effektive Weiterbildung<\/li>\n<\/ul>\n\n\n\n<p>Melde dich noch heute zu einem meiner Wochenendkurse an und erlebe, wie Handarbeit deine Reitkunst und die Kommunikation mit deinem Pferd auf ein neues Level hebt!<\/p>\n\n\n\n<div class=\"wp-block-buttons is-content-justification-center is-layout-flex wp-container-core-buttons-is-layout-a89b3969 wp-block-buttons-is-layout-flex\">\n<div class=\"wp-block-button has-custom-width wp-block-button__width-75 has-custom-font-size has-medium-font-size\"><a class=\"wp-block-button__link wp-element-button\" href=\"https:\/\/nova-physiotherapie.de\/index.php\/kontakt\/\"><strong>Kontaktiere mich jetzt, um mehr zu erfahren oder einen Termin zu buchen<\/strong>.<\/a><\/div>\n<\/div>\n\n\n\n<p><\/p>\n<\/details>\n","protected":false},"excerpt":{"rendered":"<p>Du m\u00f6chtest die Anatomie von Pferden aus einer v\u00f6llig neuen Perspektive erleben? In meinem Tageskurs \u2013 \u201eAnatomie \u2013 Sehen, F\u00fchlen, Verstehen\u201c \u2013 vermittle ich Dir nicht nur theoretisches Wissen, sondern gebe Dir auch die M\u00f6glichkeit, die Strukturen und Bewegungen deines [&hellip;]<\/p>\n","protected":false},"author":2,"featured_media":0,"parent":0,"menu_order":0,"comment_status":"closed","ping_status":"closed","template":"","meta":{"_monsterinsights_skip_tracking":false,"_monsterinsights_sitenote_active":false,"_monsterinsights_sitenote_note":"","_monsterinsights_sitenote_category":0,"footnotes":""},"class_list":["post-1696","page","type-page","status-publish","hentry"],"_links":{"self":[{"href":"https:\/\/nova-physiotherapie.de\/index.php\/wp-json\/wp\/v2\/pages\/1696","targetHints":{"allow":["GET"]}}],"collection":[{"href":"https:\/\/nova-physiotherapie.de\/index.php\/wp-json\/wp\/v2\/pages"}],"about":[{"href":"https:\/\/nova-physiotherapie.de\/index.php\/wp-json\/wp\/v2\/types\/page"}],"author":[{"embeddable":true,"href":"https:\/\/nova-physiotherapie.de\/index.php\/wp-json\/wp\/v2\/users\/2"}],"replies":[{"embeddable":true,"href":"https:\/\/nova-physiotherapie.de\/index.php\/wp-json\/wp\/v2\/comments?post=1696"}],"version-history":[{"count":7,"href":"https:\/\/nova-physiotherapie.de\/index.php\/wp-json\/wp\/v2\/pages\/1696\/revisions"}],"predecessor-version":[{"id":2313,"href":"https:\/\/nova-physiotherapie.de\/index.php\/wp-json\/wp\/v2\/pages\/1696\/revisions\/2313"}],"wp:attachment":[{"href":"https:\/\/nova-physiotherapie.de\/index.php\/wp-json\/wp\/v2\/media?parent=1696"}],"curies":[{"name":"wp","href":"https:\/\/api.w.org\/{rel}","templated":true}]}}