{"id":380,"date":"2018-10-15T22:12:21","date_gmt":"2018-10-15T22:12:21","guid":{"rendered":"https:\/\/nova-physiotherapie.de\/?page_id=380"},"modified":"2025-01-22T12:48:54","modified_gmt":"2025-01-22T12:48:54","slug":"profil","status":"publish","type":"page","link":"https:\/\/nova-physiotherapie.de\/index.php\/profil\/","title":{"rendered":"Profil"},"content":{"rendered":"\n<div class=\"wp-block-media-text is-stacked-on-mobile\" style=\"grid-template-columns:48% auto\"><figure class=\"wp-block-media-text__media\"><img loading=\"lazy\" decoding=\"async\" width=\"1024\" height=\"731\" src=\"https:\/\/nova-physiotherapie.de\/wp-content\/uploads\/2024\/04\/DSC_0012-1024x731.jpg\" alt=\"\" class=\"wp-image-1693 size-full\" srcset=\"https:\/\/nova-physiotherapie.de\/wp-content\/uploads\/2024\/04\/DSC_0012-1024x731.jpg 1024w, https:\/\/nova-physiotherapie.de\/wp-content\/uploads\/2024\/04\/DSC_0012-300x214.jpg 300w, https:\/\/nova-physiotherapie.de\/wp-content\/uploads\/2024\/04\/DSC_0012-768x548.jpg 768w, https:\/\/nova-physiotherapie.de\/wp-content\/uploads\/2024\/04\/DSC_0012-1536x1097.jpg 1536w, https:\/\/nova-physiotherapie.de\/wp-content\/uploads\/2024\/04\/DSC_0012-2048x1462.jpg 2048w, https:\/\/nova-physiotherapie.de\/wp-content\/uploads\/2024\/04\/DSC_0012-1000x714.jpg 1000w, https:\/\/nova-physiotherapie.de\/wp-content\/uploads\/2024\/04\/DSC_0012-230x164.jpg 230w, https:\/\/nova-physiotherapie.de\/wp-content\/uploads\/2024\/04\/DSC_0012-350x250.jpg 350w, https:\/\/nova-physiotherapie.de\/wp-content\/uploads\/2024\/04\/DSC_0012-480x343.jpg 480w\" sizes=\"auto, (max-width: 1024px) 100vw, 1024px\" \/><\/figure><div class=\"wp-block-media-text__content\">\n<p class=\"has-text-align-center\"><strong>Hallo, ich bin Valeria Nowaczyk!<\/strong><\/p>\n\n\n\n<p class=\"has-text-align-center\">Seit Jahren dem Pferdefieber verfallen, ist keine Heilung in Sicht.<\/p>\n<\/div><\/div>\n\n\n\n<p class=\"has-text-align-center\"> Aufgewachsen im sch\u00f6nen Mainz am Rhein, entdeckte ich schon in meiner fr\u00fchesten Jugend meine gro\u00dfe Begeisterung f\u00fcr Pferde. Diese Leidenschaft ist f\u00fcr mich weit mehr als nur ein Hobby \u2013 <br>sie ist eine Lebensweise.<\/p>\n\n\n\n<p class=\"has-text-align-center has-white-color has-text-color has-background has-link-color wp-elements-de0588c41cce20390bc244601fd6902f\" style=\"background-color:#006e90;font-style:italic;font-weight:200\">In meiner Arbeit lege ich besonderen Wert auf eine fundierte Gymnastizierung, sowohl vom Boden als auch im Sattel. Respektvoller Umgang mit unseren Pferden und vor allem der Spa\u00df an der gemeinsamen Zeit stehen f\u00fcr mich an oberster Stelle.<\/p>\n\n\n\n<figure class=\"wp-block-gallery has-nested-images columns-default is-cropped wp-block-gallery-1 is-layout-flex wp-block-gallery-is-layout-flex\">\n<figure class=\"wp-block-image size-large\"><img loading=\"lazy\" decoding=\"async\" width=\"682\" height=\"1024\" data-id=\"1906\" src=\"https:\/\/nova-physiotherapie.de\/wp-content\/uploads\/2024\/10\/DSC_0581-682x1024.jpg\" alt=\"\" class=\"wp-image-1906\" srcset=\"https:\/\/nova-physiotherapie.de\/wp-content\/uploads\/2024\/10\/DSC_0581-682x1024.jpg 682w, https:\/\/nova-physiotherapie.de\/wp-content\/uploads\/2024\/10\/DSC_0581-200x300.jpg 200w, https:\/\/nova-physiotherapie.de\/wp-content\/uploads\/2024\/10\/DSC_0581-768x1152.jpg 768w, https:\/\/nova-physiotherapie.de\/wp-content\/uploads\/2024\/10\/DSC_0581-1024x1536.jpg 1024w, https:\/\/nova-physiotherapie.de\/wp-content\/uploads\/2024\/10\/DSC_0581-1000x1500.jpg 1000w, https:\/\/nova-physiotherapie.de\/wp-content\/uploads\/2024\/10\/DSC_0581-230x345.jpg 230w, https:\/\/nova-physiotherapie.de\/wp-content\/uploads\/2024\/10\/DSC_0581-350x525.jpg 350w, https:\/\/nova-physiotherapie.de\/wp-content\/uploads\/2024\/10\/DSC_0581-480x720.jpg 480w, https:\/\/nova-physiotherapie.de\/wp-content\/uploads\/2024\/10\/DSC_0581.jpg 1285w\" sizes=\"auto, (max-width: 682px) 100vw, 682px\" \/><\/figure>\n\n\n\n<figure class=\"wp-block-image size-large\"><img loading=\"lazy\" decoding=\"async\" width=\"1024\" height=\"1024\" data-id=\"1961\" src=\"https:\/\/nova-physiotherapie.de\/wp-content\/uploads\/2024\/10\/IMG-20230223-WA0026.jpg\" alt=\"\" class=\"wp-image-1961\" srcset=\"https:\/\/nova-physiotherapie.de\/wp-content\/uploads\/2024\/10\/IMG-20230223-WA0026.jpg 1024w, https:\/\/nova-physiotherapie.de\/wp-content\/uploads\/2024\/10\/IMG-20230223-WA0026-300x300.jpg 300w, https:\/\/nova-physiotherapie.de\/wp-content\/uploads\/2024\/10\/IMG-20230223-WA0026-150x150.jpg 150w, https:\/\/nova-physiotherapie.de\/wp-content\/uploads\/2024\/10\/IMG-20230223-WA0026-768x768.jpg 768w, https:\/\/nova-physiotherapie.de\/wp-content\/uploads\/2024\/10\/IMG-20230223-WA0026-1000x1000.jpg 1000w, https:\/\/nova-physiotherapie.de\/wp-content\/uploads\/2024\/10\/IMG-20230223-WA0026-230x230.jpg 230w, https:\/\/nova-physiotherapie.de\/wp-content\/uploads\/2024\/10\/IMG-20230223-WA0026-350x350.jpg 350w, https:\/\/nova-physiotherapie.de\/wp-content\/uploads\/2024\/10\/IMG-20230223-WA0026-480x480.jpg 480w\" sizes=\"auto, (max-width: 1024px) 100vw, 1024px\" \/><\/figure>\n\n\n\n<figure class=\"wp-block-image size-large\"><img loading=\"lazy\" decoding=\"async\" width=\"819\" height=\"1024\" data-id=\"1996\" src=\"https:\/\/nova-physiotherapie.de\/wp-content\/uploads\/2024\/10\/85DEB118-6968-42EB-A115-AB927E08349B-819x1024.jpg\" alt=\"\" class=\"wp-image-1996\" srcset=\"https:\/\/nova-physiotherapie.de\/wp-content\/uploads\/2024\/10\/85DEB118-6968-42EB-A115-AB927E08349B-819x1024.jpg 819w, https:\/\/nova-physiotherapie.de\/wp-content\/uploads\/2024\/10\/85DEB118-6968-42EB-A115-AB927E08349B-240x300.jpg 240w, https:\/\/nova-physiotherapie.de\/wp-content\/uploads\/2024\/10\/85DEB118-6968-42EB-A115-AB927E08349B-768x960.jpg 768w, https:\/\/nova-physiotherapie.de\/wp-content\/uploads\/2024\/10\/85DEB118-6968-42EB-A115-AB927E08349B-1229x1536.jpg 1229w, https:\/\/nova-physiotherapie.de\/wp-content\/uploads\/2024\/10\/85DEB118-6968-42EB-A115-AB927E08349B-1000x1250.jpg 1000w, https:\/\/nova-physiotherapie.de\/wp-content\/uploads\/2024\/10\/85DEB118-6968-42EB-A115-AB927E08349B-230x288.jpg 230w, https:\/\/nova-physiotherapie.de\/wp-content\/uploads\/2024\/10\/85DEB118-6968-42EB-A115-AB927E08349B-350x438.jpg 350w, https:\/\/nova-physiotherapie.de\/wp-content\/uploads\/2024\/10\/85DEB118-6968-42EB-A115-AB927E08349B-480x600.jpg 480w, https:\/\/nova-physiotherapie.de\/wp-content\/uploads\/2024\/10\/85DEB118-6968-42EB-A115-AB927E08349B.jpg 1440w\" sizes=\"auto, (max-width: 819px) 100vw, 819px\" \/><\/figure>\n<\/figure>\n\n\n\n<p class=\"has-text-align-center\">Meine Fachgebiete umfassen Hand- und Bodenarbeit, Zirzensik und klassische Dressur.<\/p>\n\n\n\n<p class=\"has-text-align-center\">Lass uns gemeinsam in die Welt der Reitkunst eintauchen!<\/p>\n\n\n\n<p class=\"has-text-align-center\"><strong>F\u00fcr mehr Informationen oder eine individuelle Beratung melde dich gerne bei mir!<\/strong><\/p>\n\n\n\n<p class=\"has-white-color has-text-color has-background has-link-color wp-elements-382e33af325ef2d28487aa43fcc5cd4d\" style=\"background-color:#006e90\"><strong>Ausbildungen &amp; Qualifikationen<\/strong><br><br><strong>2016<\/strong> tiermedizinischen Fachangestellte<br><strong>2016<\/strong> Pferdephysiotherapie &#8222;Deutsches Institut f\u00fcr Pferdeosteopathie&#8220;<br><strong>2017<\/strong> Tierosteopathie &#8222;Institut f\u00fcr Tierheilkunde&#8220;<br><strong>2018<\/strong> Blutegeltherapie &#8222;Biebertaler Blutegelzucht&#8220;<br><strong>2019-2020<\/strong> Teilnehmerin Reitkulturtrainer-Ausbildung (\u00c9cole de L\u00e9g\u00e8ret\u00e9)<br><strong>2021<\/strong>-vor. 2025 B.Sc. Biologie<br><strong>2024<\/strong>-dato <a href=\"https:\/\/www.sonja-weber-reitkunst.de\/\">Sonja Weber Reitkunst<\/a> Trainerausbildung<br><br>Mehr Fortbildungen findest du <a href=\"https:\/\/nova-physiotherapie.de\/index.php\/weitere-fortbildungen-und-lehrgaenge\/\" data-type=\"page\" data-id=\"905\">HIER<\/a><\/p>\n\n\n\n<div class=\"wp-block-group is-layout-flow wp-block-group-is-layout-flow\">\n<div class=\"wp-block-buttons is-content-justification-center is-layout-flex wp-container-core-buttons-is-layout-a89b3969 wp-block-buttons-is-layout-flex\">\n<div class=\"wp-block-button\"><a class=\"wp-block-button__link wp-element-button\" href=\"https:\/\/nova-physiotherapie.de\/index.php\/kontakt\/\">Termin vereinbraren<\/a><\/div>\n<\/div>\n\n\n\n<h2 class=\"wp-block-heading\">Impressionen<\/h2>\n\n\n\n<figure class=\"wp-block-gallery has-nested-images columns-default is-cropped wp-block-gallery-2 is-layout-flex wp-block-gallery-is-layout-flex\">\n<figure class=\"wp-block-image size-large\"><img loading=\"lazy\" decoding=\"async\" width=\"820\" height=\"820\" data-id=\"1998\" src=\"https:\/\/nova-physiotherapie.de\/wp-content\/uploads\/2024\/10\/15910A6D-71DC-457D-84D9-95273145C0F2.jpg\" alt=\"\" class=\"wp-image-1998\" srcset=\"https:\/\/nova-physiotherapie.de\/wp-content\/uploads\/2024\/10\/15910A6D-71DC-457D-84D9-95273145C0F2.jpg 820w, https:\/\/nova-physiotherapie.de\/wp-content\/uploads\/2024\/10\/15910A6D-71DC-457D-84D9-95273145C0F2-300x300.jpg 300w, https:\/\/nova-physiotherapie.de\/wp-content\/uploads\/2024\/10\/15910A6D-71DC-457D-84D9-95273145C0F2-150x150.jpg 150w, https:\/\/nova-physiotherapie.de\/wp-content\/uploads\/2024\/10\/15910A6D-71DC-457D-84D9-95273145C0F2-768x768.jpg 768w, https:\/\/nova-physiotherapie.de\/wp-content\/uploads\/2024\/10\/15910A6D-71DC-457D-84D9-95273145C0F2-230x230.jpg 230w, https:\/\/nova-physiotherapie.de\/wp-content\/uploads\/2024\/10\/15910A6D-71DC-457D-84D9-95273145C0F2-350x350.jpg 350w, https:\/\/nova-physiotherapie.de\/wp-content\/uploads\/2024\/10\/15910A6D-71DC-457D-84D9-95273145C0F2-480x480.jpg 480w\" sizes=\"auto, (max-width: 820px) 100vw, 820px\" \/><\/figure>\n\n\n\n<figure class=\"wp-block-image size-large is-style-default\"><img loading=\"lazy\" decoding=\"async\" width=\"685\" height=\"1024\" data-id=\"1993\" src=\"https:\/\/nova-physiotherapie.de\/wp-content\/uploads\/2024\/10\/IMG_3517-e1728504846631-685x1024.jpg\" alt=\"\" class=\"wp-image-1993\" srcset=\"https:\/\/nova-physiotherapie.de\/wp-content\/uploads\/2024\/10\/IMG_3517-e1728504846631-685x1024.jpg 685w, https:\/\/nova-physiotherapie.de\/wp-content\/uploads\/2024\/10\/IMG_3517-e1728504846631-201x300.jpg 201w, https:\/\/nova-physiotherapie.de\/wp-content\/uploads\/2024\/10\/IMG_3517-e1728504846631-768x1148.jpg 768w, https:\/\/nova-physiotherapie.de\/wp-content\/uploads\/2024\/10\/IMG_3517-e1728504846631-1028x1536.jpg 1028w, https:\/\/nova-physiotherapie.de\/wp-content\/uploads\/2024\/10\/IMG_3517-e1728504846631-1000x1495.jpg 1000w, https:\/\/nova-physiotherapie.de\/wp-content\/uploads\/2024\/10\/IMG_3517-e1728504846631-230x344.jpg 230w, https:\/\/nova-physiotherapie.de\/wp-content\/uploads\/2024\/10\/IMG_3517-e1728504846631-350x523.jpg 350w, https:\/\/nova-physiotherapie.de\/wp-content\/uploads\/2024\/10\/IMG_3517-e1728504846631-480x718.jpg 480w, https:\/\/nova-physiotherapie.de\/wp-content\/uploads\/2024\/10\/IMG_3517-e1728504846631.jpg 1170w\" sizes=\"auto, (max-width: 685px) 100vw, 685px\" \/><\/figure>\n\n\n\n<figure class=\"wp-block-image size-large\"><img loading=\"lazy\" decoding=\"async\" width=\"1024\" height=\"683\" data-id=\"1981\" src=\"https:\/\/nova-physiotherapie.de\/wp-content\/uploads\/2024\/10\/IMG_9253-1024x683.jpeg\" alt=\"\" class=\"wp-image-1981\" srcset=\"https:\/\/nova-physiotherapie.de\/wp-content\/uploads\/2024\/10\/IMG_9253-1024x683.jpeg 1024w, https:\/\/nova-physiotherapie.de\/wp-content\/uploads\/2024\/10\/IMG_9253-300x200.jpeg 300w, https:\/\/nova-physiotherapie.de\/wp-content\/uploads\/2024\/10\/IMG_9253-768x512.jpeg 768w, https:\/\/nova-physiotherapie.de\/wp-content\/uploads\/2024\/10\/IMG_9253-1536x1024.jpeg 1536w, https:\/\/nova-physiotherapie.de\/wp-content\/uploads\/2024\/10\/IMG_9253-2048x1365.jpeg 2048w, https:\/\/nova-physiotherapie.de\/wp-content\/uploads\/2024\/10\/IMG_9253-1000x667.jpeg 1000w, https:\/\/nova-physiotherapie.de\/wp-content\/uploads\/2024\/10\/IMG_9253-230x153.jpeg 230w, https:\/\/nova-physiotherapie.de\/wp-content\/uploads\/2024\/10\/IMG_9253-350x233.jpeg 350w, https:\/\/nova-physiotherapie.de\/wp-content\/uploads\/2024\/10\/IMG_9253-480x320.jpeg 480w\" sizes=\"auto, (max-width: 1024px) 100vw, 1024px\" \/><\/figure>\n\n\n\n<figure class=\"wp-block-image size-large\"><img loading=\"lazy\" decoding=\"async\" width=\"1024\" height=\"862\" data-id=\"1858\" src=\"https:\/\/nova-physiotherapie.de\/wp-content\/uploads\/2024\/08\/IMG_1677-e1723021749384-1024x862.png\" alt=\"\" class=\"wp-image-1858\" srcset=\"https:\/\/nova-physiotherapie.de\/wp-content\/uploads\/2024\/08\/IMG_1677-e1723021749384-1024x862.png 1024w, https:\/\/nova-physiotherapie.de\/wp-content\/uploads\/2024\/08\/IMG_1677-e1723021749384-300x252.png 300w, https:\/\/nova-physiotherapie.de\/wp-content\/uploads\/2024\/08\/IMG_1677-e1723021749384-768x646.png 768w, https:\/\/nova-physiotherapie.de\/wp-content\/uploads\/2024\/08\/IMG_1677-e1723021749384-1000x842.png 1000w, https:\/\/nova-physiotherapie.de\/wp-content\/uploads\/2024\/08\/IMG_1677-e1723021749384-230x194.png 230w, https:\/\/nova-physiotherapie.de\/wp-content\/uploads\/2024\/08\/IMG_1677-e1723021749384-350x295.png 350w, https:\/\/nova-physiotherapie.de\/wp-content\/uploads\/2024\/08\/IMG_1677-e1723021749384-480x404.png 480w, https:\/\/nova-physiotherapie.de\/wp-content\/uploads\/2024\/08\/IMG_1677-e1723021749384.png 1168w\" sizes=\"auto, (max-width: 1024px) 100vw, 1024px\" \/><\/figure>\n\n\n\n<figure class=\"wp-block-image size-large\"><img loading=\"lazy\" decoding=\"async\" width=\"1003\" height=\"1003\" data-id=\"1958\" src=\"https:\/\/nova-physiotherapie.de\/wp-content\/uploads\/2024\/10\/WhatsApp-Image-2021-02-23-at-18.10.513.jpeg\" alt=\"\" class=\"wp-image-1958\" srcset=\"https:\/\/nova-physiotherapie.de\/wp-content\/uploads\/2024\/10\/WhatsApp-Image-2021-02-23-at-18.10.513.jpeg 1003w, https:\/\/nova-physiotherapie.de\/wp-content\/uploads\/2024\/10\/WhatsApp-Image-2021-02-23-at-18.10.513-300x300.jpeg 300w, https:\/\/nova-physiotherapie.de\/wp-content\/uploads\/2024\/10\/WhatsApp-Image-2021-02-23-at-18.10.513-150x150.jpeg 150w, https:\/\/nova-physiotherapie.de\/wp-content\/uploads\/2024\/10\/WhatsApp-Image-2021-02-23-at-18.10.513-768x768.jpeg 768w, https:\/\/nova-physiotherapie.de\/wp-content\/uploads\/2024\/10\/WhatsApp-Image-2021-02-23-at-18.10.513-1000x1000.jpeg 1000w, https:\/\/nova-physiotherapie.de\/wp-content\/uploads\/2024\/10\/WhatsApp-Image-2021-02-23-at-18.10.513-230x230.jpeg 230w, https:\/\/nova-physiotherapie.de\/wp-content\/uploads\/2024\/10\/WhatsApp-Image-2021-02-23-at-18.10.513-350x350.jpeg 350w, https:\/\/nova-physiotherapie.de\/wp-content\/uploads\/2024\/10\/WhatsApp-Image-2021-02-23-at-18.10.513-480x480.jpeg 480w\" sizes=\"auto, (max-width: 1003px) 100vw, 1003px\" \/><\/figure>\n\n\n\n<figure class=\"wp-block-image size-large\"><img loading=\"lazy\" decoding=\"async\" width=\"1024\" height=\"683\" data-id=\"1991\" src=\"https:\/\/nova-physiotherapie.de\/wp-content\/uploads\/2024\/10\/DSC_0331-1024x683.jpg\" alt=\"\" class=\"wp-image-1991\" srcset=\"https:\/\/nova-physiotherapie.de\/wp-content\/uploads\/2024\/10\/DSC_0331-1024x683.jpg 1024w, https:\/\/nova-physiotherapie.de\/wp-content\/uploads\/2024\/10\/DSC_0331-300x200.jpg 300w, https:\/\/nova-physiotherapie.de\/wp-content\/uploads\/2024\/10\/DSC_0331-768x512.jpg 768w, https:\/\/nova-physiotherapie.de\/wp-content\/uploads\/2024\/10\/DSC_0331-1536x1024.jpg 1536w, https:\/\/nova-physiotherapie.de\/wp-content\/uploads\/2024\/10\/DSC_0331-2048x1365.jpg 2048w, https:\/\/nova-physiotherapie.de\/wp-content\/uploads\/2024\/10\/DSC_0331-1000x667.jpg 1000w, https:\/\/nova-physiotherapie.de\/wp-content\/uploads\/2024\/10\/DSC_0331-230x153.jpg 230w, https:\/\/nova-physiotherapie.de\/wp-content\/uploads\/2024\/10\/DSC_0331-350x233.jpg 350w, https:\/\/nova-physiotherapie.de\/wp-content\/uploads\/2024\/10\/DSC_0331-480x320.jpg 480w\" sizes=\"auto, (max-width: 1024px) 100vw, 1024px\" \/><\/figure>\n\n\n\n<figure class=\"wp-block-image size-large\"><img loading=\"lazy\" decoding=\"async\" width=\"768\" height=\"1024\" data-id=\"1985\" src=\"https:\/\/nova-physiotherapie.de\/wp-content\/uploads\/2024\/10\/IMG_9286-1-768x1024.jpeg\" alt=\"\" class=\"wp-image-1985\" srcset=\"https:\/\/nova-physiotherapie.de\/wp-content\/uploads\/2024\/10\/IMG_9286-1-768x1024.jpeg 768w, https:\/\/nova-physiotherapie.de\/wp-content\/uploads\/2024\/10\/IMG_9286-1-225x300.jpeg 225w, https:\/\/nova-physiotherapie.de\/wp-content\/uploads\/2024\/10\/IMG_9286-1-1152x1536.jpeg 1152w, https:\/\/nova-physiotherapie.de\/wp-content\/uploads\/2024\/10\/IMG_9286-1-1536x2048.jpeg 1536w, https:\/\/nova-physiotherapie.de\/wp-content\/uploads\/2024\/10\/IMG_9286-1-1000x1334.jpeg 1000w, https:\/\/nova-physiotherapie.de\/wp-content\/uploads\/2024\/10\/IMG_9286-1-230x307.jpeg 230w, https:\/\/nova-physiotherapie.de\/wp-content\/uploads\/2024\/10\/IMG_9286-1-350x467.jpeg 350w, https:\/\/nova-physiotherapie.de\/wp-content\/uploads\/2024\/10\/IMG_9286-1-480x640.jpeg 480w, https:\/\/nova-physiotherapie.de\/wp-content\/uploads\/2024\/10\/IMG_9286-1-scaled.jpeg 1920w\" sizes=\"auto, (max-width: 768px) 100vw, 768px\" \/><\/figure>\n\n\n\n<figure class=\"wp-block-image size-large\"><img loading=\"lazy\" decoding=\"async\" width=\"1024\" height=\"683\" data-id=\"1986\" src=\"https:\/\/nova-physiotherapie.de\/wp-content\/uploads\/2024\/10\/DSC_0955-1024x683.jpg\" alt=\"\" class=\"wp-image-1986\" srcset=\"https:\/\/nova-physiotherapie.de\/wp-content\/uploads\/2024\/10\/DSC_0955-1024x683.jpg 1024w, https:\/\/nova-physiotherapie.de\/wp-content\/uploads\/2024\/10\/DSC_0955-300x200.jpg 300w, https:\/\/nova-physiotherapie.de\/wp-content\/uploads\/2024\/10\/DSC_0955-768x512.jpg 768w, https:\/\/nova-physiotherapie.de\/wp-content\/uploads\/2024\/10\/DSC_0955-1536x1024.jpg 1536w, https:\/\/nova-physiotherapie.de\/wp-content\/uploads\/2024\/10\/DSC_0955-2048x1365.jpg 2048w, https:\/\/nova-physiotherapie.de\/wp-content\/uploads\/2024\/10\/DSC_0955-1000x667.jpg 1000w, https:\/\/nova-physiotherapie.de\/wp-content\/uploads\/2024\/10\/DSC_0955-230x153.jpg 230w, https:\/\/nova-physiotherapie.de\/wp-content\/uploads\/2024\/10\/DSC_0955-350x233.jpg 350w, https:\/\/nova-physiotherapie.de\/wp-content\/uploads\/2024\/10\/DSC_0955-480x320.jpg 480w\" sizes=\"auto, (max-width: 1024px) 100vw, 1024px\" \/><\/figure>\n\n\n\n<figure class=\"wp-block-image size-large\"><img loading=\"lazy\" decoding=\"async\" width=\"1024\" height=\"683\" data-id=\"2003\" src=\"https:\/\/nova-physiotherapie.de\/wp-content\/uploads\/2024\/10\/IMG_9416-1-1024x683.jpeg\" alt=\"\" class=\"wp-image-2003\" srcset=\"https:\/\/nova-physiotherapie.de\/wp-content\/uploads\/2024\/10\/IMG_9416-1-1024x683.jpeg 1024w, https:\/\/nova-physiotherapie.de\/wp-content\/uploads\/2024\/10\/IMG_9416-1-300x200.jpeg 300w, https:\/\/nova-physiotherapie.de\/wp-content\/uploads\/2024\/10\/IMG_9416-1-768x512.jpeg 768w, https:\/\/nova-physiotherapie.de\/wp-content\/uploads\/2024\/10\/IMG_9416-1-1536x1024.jpeg 1536w, https:\/\/nova-physiotherapie.de\/wp-content\/uploads\/2024\/10\/IMG_9416-1-2048x1365.jpeg 2048w, https:\/\/nova-physiotherapie.de\/wp-content\/uploads\/2024\/10\/IMG_9416-1-1000x667.jpeg 1000w, https:\/\/nova-physiotherapie.de\/wp-content\/uploads\/2024\/10\/IMG_9416-1-230x153.jpeg 230w, https:\/\/nova-physiotherapie.de\/wp-content\/uploads\/2024\/10\/IMG_9416-1-350x233.jpeg 350w, https:\/\/nova-physiotherapie.de\/wp-content\/uploads\/2024\/10\/IMG_9416-1-480x320.jpeg 480w\" sizes=\"auto, (max-width: 1024px) 100vw, 1024px\" \/><\/figure>\n\n\n\n<figure class=\"wp-block-image size-large\"><img loading=\"lazy\" decoding=\"async\" width=\"819\" height=\"1024\" data-id=\"1995\" src=\"https:\/\/nova-physiotherapie.de\/wp-content\/uploads\/2024\/10\/46C1D512-061D-4242-BF68-22366A18218A-819x1024.jpg\" alt=\"\" class=\"wp-image-1995\" srcset=\"https:\/\/nova-physiotherapie.de\/wp-content\/uploads\/2024\/10\/46C1D512-061D-4242-BF68-22366A18218A-819x1024.jpg 819w, https:\/\/nova-physiotherapie.de\/wp-content\/uploads\/2024\/10\/46C1D512-061D-4242-BF68-22366A18218A-240x300.jpg 240w, https:\/\/nova-physiotherapie.de\/wp-content\/uploads\/2024\/10\/46C1D512-061D-4242-BF68-22366A18218A-768x960.jpg 768w, https:\/\/nova-physiotherapie.de\/wp-content\/uploads\/2024\/10\/46C1D512-061D-4242-BF68-22366A18218A-1229x1536.jpg 1229w, https:\/\/nova-physiotherapie.de\/wp-content\/uploads\/2024\/10\/46C1D512-061D-4242-BF68-22366A18218A-1000x1250.jpg 1000w, https:\/\/nova-physiotherapie.de\/wp-content\/uploads\/2024\/10\/46C1D512-061D-4242-BF68-22366A18218A-230x288.jpg 230w, https:\/\/nova-physiotherapie.de\/wp-content\/uploads\/2024\/10\/46C1D512-061D-4242-BF68-22366A18218A-350x438.jpg 350w, https:\/\/nova-physiotherapie.de\/wp-content\/uploads\/2024\/10\/46C1D512-061D-4242-BF68-22366A18218A-480x600.jpg 480w, https:\/\/nova-physiotherapie.de\/wp-content\/uploads\/2024\/10\/46C1D512-061D-4242-BF68-22366A18218A.jpg 1440w\" sizes=\"auto, (max-width: 819px) 100vw, 819px\" \/><\/figure>\n\n\n\n<figure class=\"wp-block-image size-large\"><img loading=\"lazy\" decoding=\"async\" width=\"1024\" height=\"683\" data-id=\"1987\" src=\"https:\/\/nova-physiotherapie.de\/wp-content\/uploads\/2024\/10\/DSC_0397-1024x683.jpg\" alt=\"\" class=\"wp-image-1987\" srcset=\"https:\/\/nova-physiotherapie.de\/wp-content\/uploads\/2024\/10\/DSC_0397-1024x683.jpg 1024w, https:\/\/nova-physiotherapie.de\/wp-content\/uploads\/2024\/10\/DSC_0397-300x200.jpg 300w, https:\/\/nova-physiotherapie.de\/wp-content\/uploads\/2024\/10\/DSC_0397-768x512.jpg 768w, https:\/\/nova-physiotherapie.de\/wp-content\/uploads\/2024\/10\/DSC_0397-1536x1024.jpg 1536w, https:\/\/nova-physiotherapie.de\/wp-content\/uploads\/2024\/10\/DSC_0397-2048x1365.jpg 2048w, https:\/\/nova-physiotherapie.de\/wp-content\/uploads\/2024\/10\/DSC_0397-1000x667.jpg 1000w, https:\/\/nova-physiotherapie.de\/wp-content\/uploads\/2024\/10\/DSC_0397-230x153.jpg 230w, https:\/\/nova-physiotherapie.de\/wp-content\/uploads\/2024\/10\/DSC_0397-350x233.jpg 350w, https:\/\/nova-physiotherapie.de\/wp-content\/uploads\/2024\/10\/DSC_0397-480x320.jpg 480w\" sizes=\"auto, (max-width: 1024px) 100vw, 1024px\" \/><\/figure>\n<\/figure>\n<\/div>\n\n\n\n<p><\/p>\n","protected":false},"excerpt":{"rendered":"<p>Hallo, ich bin Valeria Nowaczyk! Seit Jahren dem Pferdefieber verfallen, ist keine Heilung in Sicht. Aufgewachsen im sch\u00f6nen Mainz am Rhein, entdeckte ich schon in meiner fr\u00fchesten Jugend meine gro\u00dfe Begeisterung f\u00fcr Pferde. Diese Leidenschaft ist f\u00fcr mich weit mehr [&hellip;]<\/p>\n","protected":false},"author":2,"featured_media":0,"parent":0,"menu_order":0,"comment_status":"closed","ping_status":"closed","template":"","meta":{"_monsterinsights_skip_tracking":false,"_monsterinsights_sitenote_active":false,"_monsterinsights_sitenote_note":"","_monsterinsights_sitenote_category":0,"footnotes":""},"class_list":["post-380","page","type-page","status-publish","hentry"],"_links":{"self":[{"href":"https:\/\/nova-physiotherapie.de\/index.php\/wp-json\/wp\/v2\/pages\/380","targetHints":{"allow":["GET"]}}],"collection":[{"href":"https:\/\/nova-physiotherapie.de\/index.php\/wp-json\/wp\/v2\/pages"}],"about":[{"href":"https:\/\/nova-physiotherapie.de\/index.php\/wp-json\/wp\/v2\/types\/page"}],"author":[{"embeddable":true,"href":"https:\/\/nova-physiotherapie.de\/index.php\/wp-json\/wp\/v2\/users\/2"}],"replies":[{"embeddable":true,"href":"https:\/\/nova-physiotherapie.de\/index.php\/wp-json\/wp\/v2\/comments?post=380"}],"version-history":[{"count":42,"href":"https:\/\/nova-physiotherapie.de\/index.php\/wp-json\/wp\/v2\/pages\/380\/revisions"}],"predecessor-version":[{"id":2212,"href":"https:\/\/nova-physiotherapie.de\/index.php\/wp-json\/wp\/v2\/pages\/380\/revisions\/2212"}],"wp:attachment":[{"href":"https:\/\/nova-physiotherapie.de\/index.php\/wp-json\/wp\/v2\/media?parent=380"}],"curies":[{"name":"wp","href":"https:\/\/api.w.org\/{rel}","templated":true}]}}